{"id":39,"date":"2021-12-08T20:34:31","date_gmt":"2021-12-08T20:34:31","guid":{"rendered":"https:\/\/sites.generatepress.com\/construction\/?page_id=39"},"modified":"2026-05-12T09:11:30","modified_gmt":"2026-05-12T09:11:30","slug":"iletisim","status":"publish","type":"page","link":"https:\/\/paletcivisi.com.tr\/?page_id=39","title":{"rendered":"\u0130leti\u015fim"},"content":{"rendered":"\n<section class=\"gb-element-43e9d0f5\">\n<div class=\"gb-element-6714b07a\">\n<h2 class=\"gb-text gb-text-f621bac7\">Adresimiz<\/h2>\n\n\n\n<p class=\"gb-text gb-text-c96af9ae\">\u0130kitelli OSB Mahallesi<\/p>\n\n\n\n<p class=\"gb-text gb-text-2088bf2d\">Trios SanayiSitesi B Blok -2 Kat No :166<\/p>\n\n\n\n<p class=\"gb-text gb-text-1bba18e5\">Ba\u015fak\u015fehir\/\u0130stanbul<\/p>\n\n\n\n<h2 class=\"gb-text gb-text-ead0ef85\">E-Posta adresimiz<\/h2>\n\n\n\n<p class=\"gb-text gb-text-478271a9\"><a href=\"mailto:info@paletcivisi.com.tr\">info@paletcivisi.com.tr<\/a><\/p>\n\n\n\n<h2 class=\"gb-text gb-text-afeffc45\">\u0130leti\u015fim Numaram\u0131z<\/h2>\n\n\n\n<p class=\"gb-text-b904bac2\"><span class=\"gb-shape\"><svg viewBox=\"0 0 60.006 60.006\" xmlns=\"http:\/\/www.w3.org\/2000\/svg\"><path fill=\"CurrentColor\" d=\"M59.427 40.907c-2.008-3.796-8.98-7.912-9.287-8.092-.896-.51-1.831-.78-2.706-.78-1.301 0-2.366.596-3.011 1.68-1.02 1.22-2.285 2.646-2.592 2.867-2.378 1.611-4.237 1.429-6.295-.629L24.05 24.467c-2.045-2.045-2.233-3.928-.631-6.292.224-.31 1.649-1.575 2.869-2.595.778-.463 1.312-1.15 1.545-1.994.312-1.123.082-2.444-.652-3.733-.173-.296-4.289-7.269-8.085-9.276A4.944 4.944 0 0 0 16.79.004a4.908 4.908 0 0 0-3.49 1.445l-2.536 2.537C6.75 7.998 5.296 12.547 6.443 17.504c.956 4.132 3.742 8.529 8.282 13.069L29.43 45.278c4.894 4.894 9.592 7.726 14.003 8.46a7.035 7.035 0 0 1-6.46 4.264 6.983 6.983 0 0 1-6.73-5.008l-.904-3.014c-.179-.595-.717-.994-1.338-.994s-1.159.399-1.338.995L25 55.522l-1.662-5.541c-.179-.595-.717-.994-1.338-.994s-1.159.399-1.338.995L19 55.522l-1.662-5.541A1.388 1.388 0 0 0 16 48.987c-.621 0-1.159.399-1.338.995L13 55.522l-1.662-5.541c-.179-.595-.717-.994-1.338-.994s-1.159.399-1.338.995L7 55.522l-1.662-5.541c-.179-.594-.717-.994-1.338-.994s-1.159.399-1.338.995l-2.62 8.733a1.001 1.001 0 0 0 1.916.575L4 52.483l1.662 5.541c.179.595.717.994 1.338.994s1.159-.399 1.338-.995L10 52.483l1.662 5.541c.179.595.717.994 1.338.994s1.159-.399 1.338-.995L16 52.483l1.662 5.541c.179.595.717.994 1.338.994s1.159-.399 1.338-.995L22 52.483l1.662 5.541c.179.595.717.994 1.338.994s1.159-.399 1.338-.995L28 52.482l.326 1.087a8.97 8.97 0 0 0 8.646 6.434c3.942 0 7.293-2.544 8.521-6.072.072.001.146.008.218.008h.001c3.721 0 7.188-1.581 10.306-4.699l2.537-2.536a4.91 4.91 0 0 0 .872-5.797z\"><\/path><\/svg><\/span><span class=\"gb-text\"><a href=\"tel:+44 121 123456\">+90 532 546 76 44<\/a><\/span><\/p>\n<\/div>\n\n\n\n<div class=\"gb-element-cd3e834d\">\n<div class=\"gb-element-724e3b25\">\n<h3 class=\"gb-text gb-text-2eaf7c19\">Bize ula\u015f\u0131n.<\/h3>\n\n\n\n<div class=\"wp-block-contact-form-7-contact-form-selector\">\n<div class=\"wpcf7 no-js\" id=\"wpcf7-f1073-o1\" lang=\"tr-TR\" dir=\"ltr\" data-wpcf7-id=\"1073\">\n<div class=\"screen-reader-response\"><p role=\"status\" aria-live=\"polite\" aria-atomic=\"true\"><\/p> <ul><\/ul><\/div>\n<form action=\"\/index.php?rest_route=%2Fwp%2Fv2%2Fpages%2F39#wpcf7-f1073-o1\" method=\"post\" class=\"wpcf7-form init\" aria-label=\"\u0130leti\u015fim Formu\" novalidate=\"novalidate\" data-status=\"init\">\n<fieldset class=\"hidden-fields-container\"><input type=\"hidden\" name=\"_wpcf7\" value=\"1073\" \/><input type=\"hidden\" name=\"_wpcf7_version\" value=\"6.1.5\" \/><input type=\"hidden\" name=\"_wpcf7_locale\" value=\"tr_TR\" \/><input type=\"hidden\" name=\"_wpcf7_unit_tag\" value=\"wpcf7-f1073-o1\" \/><input type=\"hidden\" name=\"_wpcf7_container_post\" value=\"0\" \/><input type=\"hidden\" name=\"_wpcf7_posted_data_hash\" value=\"\" \/>\n<\/fieldset>\n<p><label> Ad\u0131n\u0131z<br \/>\n<span class=\"wpcf7-form-control-wrap\" data-name=\"your-name\"><input size=\"40\" maxlength=\"400\" class=\"wpcf7-form-control wpcf7-text wpcf7-validates-as-required\" autocomplete=\"name\" aria-required=\"true\" aria-invalid=\"false\" value=\"\" type=\"text\" name=\"your-name\" \/><\/span> <\/label>\n<\/p>\n<p><label> \u0130leti\u015fim numaran\u0131z<br \/>\n<span class=\"wpcf7-form-control-wrap\" data-name=\"tel-312\"><input size=\"40\" maxlength=\"400\" class=\"wpcf7-form-control wpcf7-tel wpcf7-text wpcf7-validates-as-tel\" aria-invalid=\"false\" value=\"\" type=\"tel\" name=\"tel-312\" \/><\/span> <\/label>\n<\/p>\n<p><label> E-posta adresiniz<br \/>\n<span class=\"wpcf7-form-control-wrap\" data-name=\"your-email\"><input size=\"40\" maxlength=\"400\" class=\"wpcf7-form-control wpcf7-email wpcf7-validates-as-required wpcf7-text wpcf7-validates-as-email\" autocomplete=\"email\" aria-required=\"true\" aria-invalid=\"false\" value=\"\" type=\"email\" name=\"your-email\" \/><\/span> <\/label>\n<\/p>\n<p><label> Hangi \u00fcr\u00fcn i\u00e7in teklif almak istiyorsunuz ?<br \/>\n<span class=\"wpcf7-form-control-wrap\" data-name=\"your-subject\"><input size=\"40\" maxlength=\"400\" class=\"wpcf7-form-control wpcf7-text wpcf7-validates-as-required\" aria-required=\"true\" aria-invalid=\"false\" value=\"\" type=\"text\" name=\"your-subject\" \/><\/span> <\/label>\n<\/p>\n<p><label> Detay eklemek istermisiniz ?<br \/>\n<span class=\"wpcf7-form-control-wrap\" data-name=\"your-message\"><textarea cols=\"40\" rows=\"10\" maxlength=\"2000\" class=\"wpcf7-form-control wpcf7-textarea\" aria-invalid=\"false\" name=\"your-message\"><\/textarea><\/span> <\/label>\n<\/p>\n<p><input class=\"wpcf7-form-control wpcf7-submit has-spinner\" type=\"submit\" value=\"G\u00f6nder\" \/>\n<\/p><div class=\"wpcf7-response-output\" aria-hidden=\"true\"><\/div>\n<\/form>\n<\/div>\n<\/div>\n<\/div>\n<\/div>\n<\/section>\n","protected":false},"excerpt":{"rendered":"<p>Adresimiz \u0130kitelli OSB Mahallesi Trios SanayiSitesi B Blok -2 Kat No :166 Ba\u015fak\u015fehir\/\u0130stanbul E-Posta adresimiz &#8230; <a title=\"\u0130leti\u015fim\" class=\"read-more\" href=\"https:\/\/paletcivisi.com.tr\/?page_id=39\" aria-label=\"Read more about \u0130leti\u015fim\">Devam\u0131n\u0131 Oku<\/a><\/p>\n","protected":false},"author":1,"featured_media":0,"parent":0,"menu_order":0,"comment_status":"closed","ping_status":"closed","template":"","meta":{"footnotes":""},"class_list":["post-39","page","type-page","status-publish"],"_links":{"self":[{"href":"https:\/\/paletcivisi.com.tr\/index.php?rest_route=\/wp\/v2\/pages\/39","targetHints":{"allow":["GET"]}}],"collection":[{"href":"https:\/\/paletcivisi.com.tr\/index.php?rest_route=\/wp\/v2\/pages"}],"about":[{"href":"https:\/\/paletcivisi.com.tr\/index.php?rest_route=\/wp\/v2\/types\/page"}],"author":[{"embeddable":true,"href":"https:\/\/paletcivisi.com.tr\/index.php?rest_route=\/wp\/v2\/users\/1"}],"replies":[{"embeddable":true,"href":"https:\/\/paletcivisi.com.tr\/index.php?rest_route=%2Fwp%2Fv2%2Fcomments&post=39"}],"version-history":[{"count":2,"href":"https:\/\/paletcivisi.com.tr\/index.php?rest_route=\/wp\/v2\/pages\/39\/revisions"}],"predecessor-version":[{"id":1084,"href":"https:\/\/paletcivisi.com.tr\/index.php?rest_route=\/wp\/v2\/pages\/39\/revisions\/1084"}],"wp:attachment":[{"href":"https:\/\/paletcivisi.com.tr\/index.php?rest_route=%2Fwp%2Fv2%2Fmedia&parent=39"}],"curies":[{"name":"wp","href":"https:\/\/api.w.org\/{rel}","templated":true}]}}