{"id":2,"date":"2026-05-08T08:39:50","date_gmt":"2026-05-08T08:39:50","guid":{"rendered":"https:\/\/paletcivisi.com.tr\/?page_id=2"},"modified":"2026-05-12T09:15:29","modified_gmt":"2026-05-12T09:15:29","slug":"hakkimizda","status":"publish","type":"page","link":"https:\/\/paletcivisi.com.tr\/?page_id=2","title":{"rendered":"Hakk\u0131m\u0131zda"},"content":{"rendered":"\n<p><strong>T\u00fcrkiye\u2019nin G\u00fcvenilir Palet \u00c7ivisi Tedarik\u00e7ilerinden Biri<\/strong><\/p>\n\n\n\n<blockquote class=\"wp-block-quote is-layout-flow wp-block-quote-is-layout-flow\">\n<p><a href=\"https:\/\/paletcivisi.com.tr\/\" data-type=\"page\" data-id=\"764\">Palet \u00c7ivisi<\/a> olarak, 2001 y\u0131l\u0131ndan bu yana \u00e7ivi \u00fcretimi ve tedarik sekt\u00f6r\u00fcnde faaliyet g\u00f6steriyor; ah\u015fap palet \u00fcreticileri, mobilya at\u00f6lyeleri, ambalaj firmalar\u0131, lojistik i\u015fletmeleri ve end\u00fcstriyel \u00fcretim tesisleri i\u00e7in kaliteli \u00e7ivi \u00e7\u00f6z\u00fcmleri sunuyoruz. Y\u0131llard\u0131r edindi\u011fimiz sekt\u00f6r tecr\u00fcbesi sayesinde, sadece \u00fcr\u00fcn sat\u0131\u015f\u0131 yapan bir firma de\u011fil; ayn\u0131 zamanda m\u00fc\u015fterilerinin \u00fcretim s\u00fcre\u00e7lerini anlayan ve ihtiya\u00e7lar\u0131na \u00f6zel \u00e7\u00f6z\u00fcmler geli\u015ftiren g\u00fc\u00e7l\u00fc bir i\u015f orta\u011f\u0131 olmay\u0131 hedefliyoruz.<\/p>\n<\/blockquote>\n\n\n\n<p>Kuruldu\u011fumuz ilk g\u00fcnden itibaren kalite, s\u00fcreklilik ve g\u00fcvenilir ticaret anlay\u0131\u015f\u0131n\u0131 temel prensibimiz haline getirdik. Bug\u00fcn T\u00fcrkiye\u2019nin bir\u00e7ok farkl\u0131 iline d\u00fczenli \u00fcr\u00fcn sevkiyat\u0131 ger\u00e7ekle\u015ftirirken; \u00f6zellikle palet \u00fcretim sekt\u00f6r\u00fcne y\u00f6nelik tele dizili palet \u00e7ivisi, ring \u00e7ivi, helikal \u00e7ivi ve farkl\u0131 end\u00fcstriyel \u00e7ivi \u00e7e\u015fitleriyle profesyonel \u00e7\u00f6z\u00fcmler sunmaya devam ediyoruz.<\/p>\n\n\n\n<blockquote class=\"wp-block-quote is-layout-flow wp-block-quote-is-layout-flow\">\n<p><strong>2001\u2019den G\u00fcn\u00fcm\u00fcze Uzanan Tecr\u00fcbe<\/strong><\/p>\n<\/blockquote>\n\n\n\n<p>20 y\u0131l\u0131 a\u015fk\u0131n sekt\u00f6r deneyimimiz sayesinde \u00fcretim s\u00fcre\u00e7lerinde kar\u015f\u0131la\u015f\u0131lan ihtiya\u00e7lar\u0131 ve sorunlar\u0131 yak\u0131ndan biliyoruz. Bu nedenle m\u00fc\u015fterilerimize yaln\u0131zca \u00fcr\u00fcn de\u011fil; do\u011fru \u00fcr\u00fcn se\u00e7imi, \u00f6l\u00e7\u00fc deste\u011fi, kullan\u0131m alan\u0131na uygun teknik y\u00f6nlendirme ve s\u00fcrd\u00fcr\u00fclebilir tedarik avantaj\u0131 da sa\u011fl\u0131yoruz.<\/p>\n\n\n\n<p>Bug\u00fcn bir\u00e7ok palet \u00fcreticisi, h\u0131zl\u0131 \u00e7ak\u0131m performans\u0131, dayan\u0131kl\u0131l\u0131k ve y\u00fcksek tutuculuk \u00f6zelli\u011fi nedeniyle tele dizili ring \u00e7ivi ve helikal \u00e7ivi \u00e7\u00f6z\u00fcmlerimizi tercih etmektedir. \u00d6zellikle yo\u011fun \u00fcretim yapan i\u015fletmeler i\u00e7in \u00fcr\u00fcn kalitesinin yan\u0131 s\u0131ra d\u00fczenli stok y\u00f6netimi ve h\u0131zl\u0131 sevkiyat da b\u00fcy\u00fck \u00f6nem ta\u015f\u0131r. Biz de bu s\u00fcrecin her a\u015famas\u0131nda m\u00fc\u015fterilerimize g\u00fcven veren bir \u00e7al\u0131\u015fma modeli sunuyoruz.<\/p>\n\n\n\n<p><strong>\u00dcr\u00fcn Kalitesine ve S\u00fcreklili\u011fe \u00d6nem Veriyoruz<\/strong><\/p>\n\n\n\n<p>Palet \u00fcretiminde kullan\u0131lan \u00e7ivilerin dayan\u0131kl\u0131l\u0131\u011f\u0131, paletin ta\u015f\u0131ma kapasitesini ve kullan\u0131m \u00f6mr\u00fcn\u00fc do\u011frudan etkiler. Bu nedenle \u00fcr\u00fcn se\u00e7iminde kalite standard\u0131 b\u00fcy\u00fck \u00f6nem ta\u015f\u0131r. Firmam\u0131z taraf\u0131ndan sunulan \u00e7ivi \u00e7e\u015fitleri; sa\u011flaml\u0131k, y\u00fcksek ba\u011flant\u0131 g\u00fcc\u00fc ve \u00fcretim verimlili\u011fi g\u00f6z \u00f6n\u00fcnde bulundurularak se\u00e7ilmektedir.<\/p>\n\n\n\n<p>Ba\u015fl\u0131ca \u00fcr\u00fcn gruplar\u0131m\u0131z aras\u0131nda:<\/p>\n\n\n\n<ul class=\"wp-block-list\">\n<li>Tele dizili palet \u00e7ivisi<\/li>\n\n\n\n<li>Ring \u00e7ivi \u00e7e\u015fitleri<\/li>\n\n\n\n<li>Helikal \u00e7ivi modelleri<\/li>\n\n\n\n<li>D\u00f6kme \u00e7ivi \u00fcr\u00fcnleri<\/li>\n\n\n\n<li>End\u00fcstriyel kullan\u0131m \u00e7ivileri<\/li>\n\n\n\n<li>Ah\u015fap ve palet \u00fcretimine uygun ba\u011flant\u0131 elemanlar\u0131<\/li>\n<\/ul>\n\n\n\n<p>yer almaktad\u0131r.<\/p>\n\n\n\n<p>Farkl\u0131 \u00e7ap, boy ve kullan\u0131m alanlar\u0131na uygun \u00e7\u00f6z\u00fcmlerimiz sayesinde hem k\u00fc\u00e7\u00fck \u00f6l\u00e7ekli at\u00f6lyelere hem de y\u00fcksek hacimli \u00fcretim yapan i\u015fletmelere hitap ediyoruz.<\/p>\n\n\n\n<p><strong>H\u0131zl\u0131 Tedarik ve G\u00fcvenilir Hizmet<\/strong><\/p>\n\n\n\n<p>\u00dcretim sekt\u00f6r\u00fcnde zaman kayb\u0131n\u0131n ne kadar \u00f6nemli oldu\u011funu biliyoruz. Bu nedenle sipari\u015f s\u00fcre\u00e7lerinde h\u0131zl\u0131 d\u00f6n\u00fc\u015f, d\u00fczenli stok y\u00f6netimi ve g\u00fcvenilir sevkiyat politikas\u0131 ile hareket ediyoruz. T\u00fcrkiye genelindeki m\u00fc\u015fterilerimize h\u0131zl\u0131 teslimat sa\u011flayarak \u00fcretim s\u00fcre\u00e7lerinin aksamadan devam etmesine destek oluyoruz.<\/p>\n\n\n\n<p>M\u00fc\u015fteri memnuniyetini yaln\u0131zca sat\u0131\u015f an\u0131nda de\u011fil; sat\u0131\u015f \u00f6ncesi dan\u0131\u015fmanl\u0131k ve sat\u0131\u015f sonras\u0131 destek s\u00fcre\u00e7lerinde de \u00f6n planda tutuyoruz. Uzun y\u0131llard\u0131r bizimle \u00e7al\u0131\u015fan m\u00fc\u015fterilerimizin en b\u00fcy\u00fck nedeni; istikrarl\u0131 kalite ve g\u00fcvenilir ticaret anlay\u0131\u015f\u0131m\u0131zd\u0131r.<\/p>\n\n\n\n<p><strong>Neden Bizi Tercih Etmelisiniz?<\/strong><\/p>\n\n\n\n<ul class=\"wp-block-list\">\n<li>2001\u2019den gelen sekt\u00f6r deneyimi<\/li>\n\n\n\n<li>G\u00fcvenilir ve s\u00fcrd\u00fcr\u00fclebilir tedarik a\u011f\u0131<\/li>\n\n\n\n<li>Kaliteli palet \u00e7ivisi \u00e7e\u015fitleri<\/li>\n\n\n\n<li>T\u00fcrkiye geneline sevkiyat deste\u011fi<\/li>\n\n\n\n<li>Uygun fiyat ve profesyonel hizmet anlay\u0131\u015f\u0131<\/li>\n\n\n\n<li>Palet \u00fcreticilerine \u00f6zel \u00e7\u00f6z\u00fcmler<\/li>\n\n\n\n<li>H\u0131zl\u0131 teklif ve destek s\u00fcreci<\/li>\n<\/ul>\n\n\n\n<h2 class=\"wp-block-heading\">Gelece\u011fe G\u00fc\u00e7l\u00fc Ad\u0131mlarla \u0130lerliyoruz<\/h2>\n\n\n\n<p>Teknolojinin ve \u00fcretim sekt\u00f6r\u00fcn\u00fcn s\u00fcrekli geli\u015fti\u011finin fark\u0131nday\u0131z. Bu nedenle \u00fcr\u00fcn \u00e7e\u015fitlili\u011fimizi, hizmet kalitemizi ve tedarik g\u00fcc\u00fcm\u00fcz\u00fc her ge\u00e7en g\u00fcn geli\u015ftirmeye devam ediyoruz. Amac\u0131m\u0131z yaln\u0131zca bug\u00fcn de\u011fil, gelecekte de T\u00fcrkiye\u2019nin g\u00fcvenilir palet \u00e7ivisi tedarik\u00e7ileri aras\u0131nda yer almak ve m\u00fc\u015fterilerimize uzun y\u0131llar boyunca kaliteli hizmet sunmay\u0131 s\u00fcrd\u00fcrmektir.<\/p>\n\n\n\n<p>E\u011fer siz de kaliteli, dayan\u0131kl\u0131 ve profesyonel kullan\u0131m i\u00e7in uygun palet \u00e7ivisi \u00e7\u00f6z\u00fcmleri ar\u0131yorsan\u0131z, bizimle ileti\u015fime ge\u00e7ebilir; ihtiyac\u0131n\u0131za uygun \u00fcr\u00fcnler hakk\u0131nda detayl\u0131 bilgi alabilirsiniz.<\/p>\n","protected":false},"excerpt":{"rendered":"<p>T\u00fcrkiye\u2019nin G\u00fcvenilir Palet \u00c7ivisi Tedarik\u00e7ilerinden Biri Palet \u00c7ivisi olarak, 2001 y\u0131l\u0131ndan bu yana \u00e7ivi \u00fcretimi &#8230; <a title=\"Hakk\u0131m\u0131zda\" class=\"read-more\" href=\"https:\/\/paletcivisi.com.tr\/?page_id=2\" aria-label=\"Read more about Hakk\u0131m\u0131zda\">Devam\u0131n\u0131 Oku<\/a><\/p>\n","protected":false},"author":1,"featured_media":0,"parent":0,"menu_order":0,"comment_status":"closed","ping_status":"closed","template":"","meta":{"footnotes":""},"class_list":["post-2","page","type-page","status-publish"],"_links":{"self":[{"href":"https:\/\/paletcivisi.com.tr\/index.php?rest_route=\/wp\/v2\/pages\/2","targetHints":{"allow":["GET"]}}],"collection":[{"href":"https:\/\/paletcivisi.com.tr\/index.php?rest_route=\/wp\/v2\/pages"}],"about":[{"href":"https:\/\/paletcivisi.com.tr\/index.php?rest_route=\/wp\/v2\/types\/page"}],"author":[{"embeddable":true,"href":"https:\/\/paletcivisi.com.tr\/index.php?rest_route=\/wp\/v2\/users\/1"}],"replies":[{"embeddable":true,"href":"https:\/\/paletcivisi.com.tr\/index.php?rest_route=%2Fwp%2Fv2%2Fcomments&post=2"}],"version-history":[{"count":2,"href":"https:\/\/paletcivisi.com.tr\/index.php?rest_route=\/wp\/v2\/pages\/2\/revisions"}],"predecessor-version":[{"id":1091,"href":"https:\/\/paletcivisi.com.tr\/index.php?rest_route=\/wp\/v2\/pages\/2\/revisions\/1091"}],"wp:attachment":[{"href":"https:\/\/paletcivisi.com.tr\/index.php?rest_route=%2Fwp%2Fv2%2Fmedia&parent=2"}],"curies":[{"name":"wp","href":"https:\/\/api.w.org\/{rel}","templated":true}]}}